{"id":3628,"date":"2017-08-23T15:38:43","date_gmt":"2017-08-23T13:38:43","guid":{"rendered":"http:\/\/live.debrige.org\/network\/bonn\/"},"modified":"2018-01-18T09:30:59","modified_gmt":"2018-01-18T08:30:59","slug":"bonn","status":"publish","type":"page","link":"https:\/\/stage.debrige.de\/en\/network\/bonn\/","title":{"rendered":"Deutsch-Britische Gesellschaft Bonn"},"content":{"rendered":"<p>Am 19.06.2009 wurde die Deutsch-Britische Gesellschaft Bonn im Zuge der Neuorganisation gegr\u00fcndet. Sie ist auch Mitglied im Netzwerk der Deutsch-Britischen Gesellschaft e.V., Berlin.<\/p>\n<p>Die Mitglieder des Netzwerks treffen sich einmal im Jahr in Berlin, um ihre Erfahrungen auszutauschen und Kooperationen zwischen einzelnen St\u00e4dten zu vereinbaren.<\/p>\n<p>In Bonn unterh\u00e4lt die Gesellschaft enge Kontakte zum Universit\u00e4tsclub Bonn e.V., dem Oxford-Club e.V., dem Institut f\u00fcr Anglistik, Amerikanistik und Keltologie sowie dem Institut f\u00fcr Geschichtswissenschaft der Universit\u00e4t Bonn. Au\u00dferdem pflegt die Gesellschaft eine enge Verbindung zum Centre for British Studies in Bamberg.<\/p>\n<p>Die Themen der in englischer Sprache gehaltenen Vortr\u00e4ge sind breit gef\u00e4chert und greifen neben aktuellen gesellschaftlichen, wirtschaftlichen sowie politischen, kulturellen und literarischen auch historische Themen auf.<\/p>\n<p>Au\u00dferdem finden F\u00fchrungen bzw. ArtTalks in den Museen in Bonn und K\u00f6ln statt.<\/p>\n<p>Alle Aktivit\u00e4ten bieten den Mitgliedern die M\u00f6glichkeit zum anregenden Gedankenaustausch in angenehmer Atmosph\u00e4re.<\/p>\n<p>In der Regel gibt es nach einer Veranstaltung einen kleinen Empfang, bei dem auch die M\u00f6glichkeit besteht, den Vortragenden direkt anzusprechen. G\u00e4ste sind jederzeit willkommen.<\/p>\n<p>Die nachfolgenden Links weisen auf Institutionen und Vereine hin, deren Veranstaltungen f\u00fcr unsere Mitglieder von Interesse sein k\u00f6nnten. Diese bieten zum Beispiel regelm\u00e4\u00dfig englischsprachige Theaterauff\u00fchrungen an oder haben andere Gro\u00dfbritannien-relevante Themen in ihrem Programm:<\/p>\n<ol>\n<li>The Bonn English Singers <a href=\"http:\/\/www.bonnenglishsingers.de\" target=\"_blank\" rel=\"noopener\">www.bonnenglishsingers.de<\/a><\/li>\n<li>The Bonn Players <a href=\"https:\/\/www.bonnplayers.de\" target=\"_blank\" rel=\"noopener\">www.bonnplayers.de<\/a><\/li>\n<li>Centre for British Studies (Leitung: Prof. Dr. Christa Jansohn) <a href=\"http:\/\/www.uni-bamberg.de\" target=\"_blank\" rel=\"noopener\">www.uni-bamberg.de<\/a><\/li>\n<li>BUSC (Bonn University Shakespeare Company) <a href=\"http:\/\/busc.de\" target=\"_blank\" rel=\"noopener\">www.busc.de<\/a><\/li>\n<li>Institut f\u00fcr Anglistik, Amerikanistik &amp; Keltologie der Universit\u00e4t Bonn <a href=\"https:\/\/www.iaak.uni-bonn.de\/de\" target=\"_blank\" rel=\"noopener\">www.iaak.uni-bonn.de<\/a><\/li>\n<li>Oxford-Club <a href=\"https:\/\/www.oxford-club-bonn.de\" target=\"_blank\" rel=\"noopener\">www.oxford-club-bonn.de<\/a><\/li>\n<li>Universit\u00e4tsclub Bonn <a href=\"http:\/\/www.uniclub-bonn.de\" target=\"_blank\" rel=\"noopener\">www.uniclub-bonn.de<\/a><\/li>\n<li>The Anglican Church of Bonn and Cologne in Germany <a href=\"http:\/\/www.anglicanbonncologne.de\" target=\"_blank\" rel=\"noopener\">www.anglicanbonncologne.de<\/a><\/li>\n<li>Globe Theatre Neuss <a href=\"https:\/\/www.shakespeare-festival.de\/de\/\" target=\"_blank\" rel=\"noopener\">www.shakespeare-festival.de<\/a><\/li>\n<li>Mid-Atlantic Club Bonn <a href=\"http:\/\/www.mac-berlin.de\" target=\"_blank\" rel=\"noopener\">www.mac-berlin.de<\/a><\/li>\n<li>ArtTalks K\u00f6ln <a href=\"http:\/\/www.art-talks.de\" target=\"_blank\" rel=\"noopener\">www.art-talks.de<\/a><\/li>\n<\/ol>\n","protected":false},"excerpt":{"rendered":"<p>Am 19.06.2009 wurde die Deutsch-Britische Gesellschaft Bonn im Zuge der Neuorganisation gegr\u00fcndet. Sie ist auch Mitglied im Netzwerk der Deutsch-Britischen Gesellschaft e.V., Berlin.\u2026 <a href=\"https:\/\/stage.debrige.de\/en\/network\/bonn\/\" class=\"arrow\">Weiterlesen<\/a><\/p>\n","protected":false},"author":3,"featured_media":0,"parent":3526,"menu_order":0,"comment_status":"closed","ping_status":"closed","template":"page-templates\/standorte.php","meta":{"inline_featured_image":false,"footnotes":""},"_links":{"self":[{"href":"https:\/\/stage.debrige.de\/en\/wp-json\/wp\/v2\/pages\/3628"}],"collection":[{"href":"https:\/\/stage.debrige.de\/en\/wp-json\/wp\/v2\/pages"}],"about":[{"href":"https:\/\/stage.debrige.de\/en\/wp-json\/wp\/v2\/types\/page"}],"author":[{"embeddable":true,"href":"https:\/\/stage.debrige.de\/en\/wp-json\/wp\/v2\/users\/3"}],"replies":[{"embeddable":true,"href":"https:\/\/stage.debrige.de\/en\/wp-json\/wp\/v2\/comments?post=3628"}],"version-history":[{"count":3,"href":"https:\/\/stage.debrige.de\/en\/wp-json\/wp\/v2\/pages\/3628\/revisions"}],"predecessor-version":[{"id":4152,"href":"https:\/\/stage.debrige.de\/en\/wp-json\/wp\/v2\/pages\/3628\/revisions\/4152"}],"up":[{"embeddable":true,"href":"https:\/\/stage.debrige.de\/en\/wp-json\/wp\/v2\/pages\/3526"}],"wp:attachment":[{"href":"https:\/\/stage.debrige.de\/en\/wp-json\/wp\/v2\/media?parent=3628"}],"curies":[{"name":"wp","href":"https:\/\/api.w.org\/{rel}","templated":true}]}}