{"id":3673,"date":"2017-10-16T15:24:01","date_gmt":"2017-10-16T13:24:01","guid":{"rendered":"http:\/\/live.debrige.org\/network\/schwerin-rostock\/"},"modified":"2017-10-16T15:24:01","modified_gmt":"2017-10-16T13:24:01","slug":"schwerin-rostock","status":"publish","type":"page","link":"https:\/\/stage.debrige.de\/en\/network\/schwerin-rostock\/","title":{"rendered":"Deutsch-Britische Gesellschaft Mecklenburg-Vorpommern e.V."},"content":{"rendered":"<p>F\u00fcr aktuelle Veranstaltungen der Deutsch-Britischen Gesellschaft Mecklenburg-Vorpommern besuchen Sie bitte\u00a0<a href=\"http:\/\/www.debrige-mv.de\">www.debrige-mv.de<\/a>.<\/p>\n<p>Die <strong>Deutsch-Britische Gesellschaft Mecklenburg-Vorpommern e.V.<\/strong> wurde am 03. April 2009 als Nachfolgerin der seit 1991 bestehenden \u201eDeutsch-Englischen Gesellschaft\u201c gegr\u00fcndet und hat mittlerweile \u00fcber 60 Mitglieder in den Zentren Schwerin und Rostock. Sie ist ins Vereinsregister eingetragen und vom Finanzamt Schwerin als gemeinn\u00fctzig \/ steuerbeg\u00fcnstigt anerkannt.<\/p>\n<p>Das Ziel unserer Gesellschaft ist die verst\u00e4rkte Einbindung Mecklenburg-Vorpommerns in das Geflecht der deutsch-britischen Beziehungen zur F\u00f6rderung und Pflege der englischen Sprache, des Kultur- und Wissenschaftsaustausches, aber auch der wirtschaftlichen und touristischen Verbindungen.<\/p>\n<p>Hierzu finden in Schwerin und Rostock regelm\u00e4\u00dfig Vortr\u00e4ge in englischer Sprache von britischen Referenten aus Politik, Wirtschaft, Wissenschaft, Kultur und den Medien statt. Das aktuelle Vortragsprogramm sowie viele weitere Informationen \u00fcber die Deutsch-Britische Gesellschaft Mecklenburg-Vorpommern finden Sie auf unserer eigenen Homepage unter <a href=\"http:\/\/www.debrige-mv.de\" target=\"_blank\" rel=\"noopener\">www.debrige-mv.de<\/a>.<\/p>\n<p>Neben den Vortragsveranstaltungen findet in <strong>Schwerin<\/strong> an jedem ersten Mittwoch im Monat um 19 Uhr ein eher zwangloser Gespr\u00e4chsabend in englischer Sprache statt, und zwar in der &#8220;Gourmetfabrik&#8221;, Werderstr. 74b, Schwerin (Werderhof, linker Fl\u00fcgel). Neue G\u00e4ste sind stets willkommen, perfekte Englisch-Kenntnisse sind nicht Bedingung. Es darf radegebrochen werden (speak in broken English and as well as you can to improve your English skills. You are welcome).<\/p>\n","protected":false},"excerpt":{"rendered":"<p>F\u00fcr aktuelle Veranstaltungen der Deutsch-Britischen Gesellschaft Mecklenburg-Vorpommern besuchen Sie bitte\u00a0www.debrige-mv.de. Die Deutsch-Britische Gesellschaft Mecklenburg-Vorpommern e.V. wurde am 03. April 2009 als Nachfolgerin der\u2026 <a href=\"https:\/\/stage.debrige.de\/en\/network\/schwerin-rostock\/\" class=\"arrow\">Weiterlesen<\/a><\/p>\n","protected":false},"author":1,"featured_media":0,"parent":3526,"menu_order":0,"comment_status":"closed","ping_status":"closed","template":"page-templates\/standorte.php","meta":{"inline_featured_image":false,"footnotes":""},"_links":{"self":[{"href":"https:\/\/stage.debrige.de\/en\/wp-json\/wp\/v2\/pages\/3673"}],"collection":[{"href":"https:\/\/stage.debrige.de\/en\/wp-json\/wp\/v2\/pages"}],"about":[{"href":"https:\/\/stage.debrige.de\/en\/wp-json\/wp\/v2\/types\/page"}],"author":[{"embeddable":true,"href":"https:\/\/stage.debrige.de\/en\/wp-json\/wp\/v2\/users\/1"}],"replies":[{"embeddable":true,"href":"https:\/\/stage.debrige.de\/en\/wp-json\/wp\/v2\/comments?post=3673"}],"version-history":[{"count":0,"href":"https:\/\/stage.debrige.de\/en\/wp-json\/wp\/v2\/pages\/3673\/revisions"}],"up":[{"embeddable":true,"href":"https:\/\/stage.debrige.de\/en\/wp-json\/wp\/v2\/pages\/3526"}],"wp:attachment":[{"href":"https:\/\/stage.debrige.de\/en\/wp-json\/wp\/v2\/media?parent=3673"}],"curies":[{"name":"wp","href":"https:\/\/api.w.org\/{rel}","templated":true}]}}