{"id":3777,"date":"2017-08-29T14:57:07","date_gmt":"2017-08-29T12:57:07","guid":{"rendered":"https:\/\/stage.debrige.de\/brexit-2016\/"},"modified":"2018-01-02T11:47:17","modified_gmt":"2018-01-02T10:47:17","slug":"brexit-2016","status":"publish","type":"page","link":"https:\/\/stage.debrige.de\/en\/brexit-2016\/","title":{"rendered":"BREXIT 2016"},"content":{"rendered":"<p>Here you can find a selection of interesting articles and reports dealing with the subject &#8220;Brexit&#8221;.<\/p>\n<h3>2016<\/h3>\n<table>\n<tbody>\n<tr class=\"even\">\n<td><a href=\"\/wp-content\/uploads\/brexit\/strachwitz_europa-nach-dem-brexit-votum.pdf\" target=\"_blank\" rel=\"noopener\">Europa Bottom-Up (Nr. 16\/2016): Was machen wir mit Europa? Gedanken zum gro\u00dfen europ\u00e4ischen Projekt nach dem Brexit-Votum<\/a>, Maecenata Stiftung, 2016<\/td>\n<\/tr>\n<tr class=\"odd\">\n<td><a href=\"https:\/\/www.bertelsmann-stiftung.de\/de\/publikationen\/publikation\/did\/flashlight-europe-grossbritannien-nach-dem-eu-austritt-welche-handelsoptionen-bleiben\/\" target=\"_blank\" rel=\"noopener\">flashlight europe: Gro\u00dfbritannien nach dem EU-Austritt: Welche Handelsoptionen bleiben?<\/a>, Bertelsmann Stiftung, 19.12.2016<\/td>\n<\/tr>\n<tr class=\"even\">\n<td><a href=\"http:\/\/www.bpb.de\/apuz\/238131\/brexit\" target=\"_blank\" rel=\"noopener\">Brexit<\/a>, Aus Politik und Zeitgeschichte (APUZ) 49-50\/2016, 5. Dezember 2016<\/td>\n<\/tr>\n<tr class=\"odd\">\n<td><a href=\"\/wp-content\/uploads\/brexit\/2016a74_lpt_orz.pdf\" target=\"_blank\" rel=\"noopener\">Eine europ\u00e4ische \u00bbSpecial Relationship\u00ab. Leitlinien, Interessen und Spielr\u00e4ume der EU-27 in den Brexit-Verhandlungen<\/a>, SWP-Aktuell 2016\/A 74, November 2016<\/td>\n<\/tr>\n<tr class=\"even\">\n<td><a href=\"https:\/\/www.gbz.hu-berlin.de\/downloads\/pdf\/the-future-of-the-uk_guderjan-ed_2016.pdf\" target=\"_blank\" rel=\"noopener\">The Future of the UK &#8211; Between Internal and External Divisions<\/a>, Edited by Marius Guderjan 2016 (Gedruckte Version auf Anfrage beim Gro\u00dfbritannien-Zentrum der Humboldt Universit\u00e4t zu Berlin erh\u00e4ltlich)<\/td>\n<\/tr>\n<tr class=\"odd\">\n<td><a href=\"http:\/\/www.europeanleadershipnetwork.org\/neither-hard-nor-soft-how-a-smart-brexit-should-look_4180.html\" target=\"_blank\" rel=\"noopener\">Neither \u2018hard\u2019 nor \u2018soft\u2019: how a smart Brexit should look<\/a>, European Leadership Network, 18.10.2016<\/td>\n<\/tr>\n<tr class=\"even\">\n<td><a href=\"https:\/\/www.swp-berlin.org\/fileadmin\/contents\/products\/aktuell\/2016A54_rds.pdf\" target=\"_blank\" rel=\"noopener\">Ein Brexit ohne Schotten und Nordiren? Gro\u00dfbritannien droht der Staatszerfall \u2013 Hintergr\u00fcnde und Auswege<\/a>, SWP-Aktuell 2016\/A 54, August 2016<\/td>\n<\/tr>\n<tr class=\"odd\">\n<td><a href=\"\/wp-content\/uploads\/brexit\/thoughts-from-a-remainer-nigel-siederer.pdf\" target=\"_blank\" rel=\"noopener\">Thoughts from a remainer<\/a>, Nigel Siederer, 15.7.2016<\/td>\n<\/tr>\n<tr class=\"even\">\n<td><a href=\"http:\/\/www.klgateshub.com\/details\/?pub=Brexit-Governing-Law-Jurisdiction-and-Arbitration-Clauses-07-08-2016\" target=\"_blank\" rel=\"noopener\">BREXIT: Governing Law, Jurisdiction and Arbitration Clauses<\/a>, K&amp;L Gates, 8.7.2016<\/td>\n<\/tr>\n<tr class=\"odd\">\n<td><a href=\"https:\/\/www.swp-berlin.org\/fileadmin\/contents\/products\/aktuell\/2016A42_lpt_orz.pdf\" target=\"_blank\" rel=\"noopener\">Der Brexit als Neuland. Mit dem britischen Referendum beginnt ein komplexer Austrittsprozess \u2013 und vielleicht die Erneuerung der EU<\/a>, SWP-Aktuell 2016\/A 42, Juli 2016<\/td>\n<\/tr>\n<tr class=\"even\">\n<td><a href=\"\/wp-content\/uploads\/brexit\/vortrag_dittert_4.-juli.pdf\" target=\"_blank\" rel=\"noopener\">After a long and nasty campaign: What do the results of the EU referendum mean for the future of Britain and the EU?<\/a>, Vortrag von Annette Dittert f\u00fcr die Deutsch-Britische Gesellschaft Berlin, 4.7.2016<\/td>\n<\/tr>\n<tr class=\"odd\">\n<td><a href=\"http:\/\/www.klgateshub.com\/details\/?pub=Tax-Implications-for-the-United-Kingdom-06-17-2016\" target=\"_blank\" rel=\"noopener\">&#8220;Brexit Bites&#8221;: Tax Implications for the United Kingdom<\/a>, K&amp;L Gates, 17.6.2016<\/td>\n<\/tr>\n<tr class=\"even\">\n<td><a href=\"http:\/\/www.openeuropeberlin.de\/ourcauses\/das-open-europe-berlin-brexit-brevier\/\" target=\"_blank\" rel=\"noopener\">Das Open Europe Berlin Brexit Brevier<\/a>, Open Europe Berlin, Juni 2016<\/td>\n<\/tr>\n<tr class=\"odd\">\n<td><a href=\"http:\/\/www.klgateshub.com\/details\/?pub=Brexit-Bites-Tax-06-10-2016\" target=\"_blank\" rel=\"noopener\">&#8220;Brexit Bites&#8221;: Tax<\/a>, K&amp;L Gates, 10.6.2016<\/td>\n<\/tr>\n<tr class=\"even\">\n<td><a href=\"http:\/\/www.klgateshub.com\/details\/?pub=How-to-Withdraw-From-the-EU-06-07-2016\" target=\"_blank\" rel=\"noopener\">Brexit &#8211; How to Withdraw From the EU<\/a>, K&amp;L Gates,7.6.2016<\/td>\n<\/tr>\n<tr class=\"odd\">\n<td><a href=\"http:\/\/www.klgateshub.com\/details\/?pub=Brexit-Bites-Dispute-Resolution-Implications-06-03-2016\" target=\"_blank\" rel=\"noopener\">&#8220;Brexit Bites&#8221;: Dispute Resolution Implications<\/a>, K&amp;L Gates, 3.6.2016<\/td>\n<\/tr>\n<tr class=\"even\">\n<td><a href=\"\/wp-content\/uploads\/brexit\/eu_brief.pdf\" target=\"_blank\" rel=\"noopener\">Potential impact of Brexit on UK charities<\/a>, Charity Finance Group, Mai 2016<\/td>\n<\/tr>\n<tr class=\"odd\">\n<td><a href=\"https:\/\/www.socialeurope.eu\/wp-content\/uploads\/2016\/05\/Brexit-The-Politics-of-a-Bad-Idea.pdf\" target=\"_blank\" rel=\"noopener\">Sammelband: Brexit &#8211; the Politics of a Bad Idea?<\/a>, Social Europe, Mai 2016<\/td>\n<\/tr>\n<tr class=\"even\">\n<td><a href=\"https:\/\/rowman.com\/ISBN\/9781442270633\" target=\"_blank\" rel=\"noopener\">Buch: Towards an Imperfect Union: A Conservative Case for the EU<\/a>, Dalibor Rohac, Mai 2016<\/td>\n<\/tr>\n<tr class=\"odd\">\n<td><a href=\"http:\/\/www.klgateshub.com\/details\/?pub=Brexit-Bites-Trade-05-20-2016\" target=\"_blank\" rel=\"noopener\">&#8220;Brexit Bites&#8221;: Trade<\/a>, K&amp;L Gates, 20.5.2016<\/td>\n<\/tr>\n<tr class=\"even\">\n<td><a href=\"\/wp-content\/uploads\/brexit\/2016-05-09-britain-eu-sovereignty-myth-niblett-final.pdf\" target=\"_blank\" rel=\"noopener\">Dr. Robin Niblett, Director Chatham House: \u201eBritain, the EU and the Sovereignty Myth\u201c<\/a>, Mai 2016<\/td>\n<\/tr>\n<tr class=\"odd\">\n<td><a href=\"http:\/\/www.klgateshub.com\/details\/?pub=Brexit-Bites-The-Impact-on-Trade-with-and-from-the-UK-05-13-2016\" target=\"_blank\" rel=\"noopener\">&#8220;Brexit Bites&#8221;: The Impact on Trade with and from the UK<\/a>, K&amp;L Gates, 13.5.2016<\/td>\n<\/tr>\n<tr class=\"even\">\n<td><a href=\"http:\/\/www.kas.de\/wf\/doc\/kas_45165-544-1-30.pdf?160512145850\" target=\"_blank\" rel=\"noopener\">Good Bye Britain?<\/a>, Konrad-Adenauer-Stiftung, 12.5.2016<\/td>\n<\/tr>\n<tr class=\"odd\">\n<td><a href=\"https:\/\/www.swp-berlin.org\/publikation\/zwischen-den-welten\/\" target=\"_blank\" rel=\"noopener\">Zwischen den Welten- Gro\u00dfbritannien als Partner f\u00fcr Deutschland in Europa nach dem EU-Referendum<\/a>, Stiftung Wissenschaft und Politik, Mai 2016<\/td>\n<\/tr>\n<tr class=\"even\">\n<td><a href=\"https:\/\/www.chathamhouse.org\/sites\/files\/chathamhouse\/publications\/ia\/inta92-3-04-uttleywilkinson.pdf\" target=\"_blank\" rel=\"noopener\">A spin of the wheel? Defence procurement and defence industries in the Brexit debates<\/a>, Chatham House, 6.5.2016<\/td>\n<\/tr>\n<tr class=\"odd\">\n<td><a href=\"http:\/\/www.klgateshub.com\/details\/?pub=Brexit-Bites-Intellectual-Property-Rights-05-06-2016\" target=\"_blank\" rel=\"noopener\">&#8220;Brexit Bites&#8221;: Intellectual Property Rights<\/a>, K&amp;L Gates, 6.5.2016<\/td>\n<\/tr>\n<tr class=\"even\">\n<td><a href=\"http:\/\/www.klgateshub.com\/details\/?pub=Brexit-Bites-Intellectual-Property-04-29-2016\" target=\"_blank\" rel=\"noopener\">&#8220;Brexit Bites&#8221;: Intellectual Property<\/a>, K&amp;L Gates, 29.4.2016<\/td>\n<\/tr>\n<tr class=\"odd\">\n<td><a href=\"http:\/\/www.klgateshub.com\/details\/?pub=Brexit-Bites-Implications-for-Financial-Services-Firms-04-22-2016\" target=\"_blank\" rel=\"noopener\">&#8220;Brexit Bites&#8221;: Implications for Financial Services Firms<\/a>, K&amp;L Gates, 22.4.2016<\/td>\n<\/tr>\n<tr class=\"even\">\n<td><a href=\"\/wp-content\/uploads\/brexit\/lord_hill_66th_kw_conference.pdf\" target=\"_blank\" rel=\"noopener\">Lord Hill, EU-Commissioner, Financial Stability, Financial Services and Capital Markets Union adresses the 66th K\u00f6nigswinter Conference on 8th April 2016, New College, Oxford<\/a><\/td>\n<\/tr>\n<tr class=\"odd\">\n<td><a href=\"http:\/\/www.klgateshub.com\/details\/?pub=Brexit-Bites-Implications-and-Issues-for-Firms-in-the-Financial-Services-Sector-04-15-2016\" target=\"_blank\" rel=\"noopener\">&#8220;Brexit Bites&#8221;: Implications and Issues for Firms in the Financial Services Sector<\/a>, K&amp;L Gates, 15.4.2016<\/td>\n<\/tr>\n<tr class=\"even\">\n<td><a href=\"http:\/\/www.klgateshub.com\/details\/?pub=BREXIT-Employment-Law-Implications-04-08-2016\" target=\"_blank\" rel=\"noopener\">&#8220;Brexit Bites&#8221;: Employment Law Implications<\/a>, K&amp;L Gates, 8.4.2016<\/td>\n<\/tr>\n<tr class=\"odd\">\n<td><a href=\"http:\/\/whatukthinks.org\/eu\/\" target=\"_blank\" rel=\"noopener\">What UK Thinks: EU \u2013 Non-partisan information on UK attitudes to the EU and the EU Referendum<\/a><\/td>\n<\/tr>\n<tr class=\"even\">\n<td><a href=\"http:\/\/www.klgateshub.com\/details\/?pub=Employment-Law-Implications-04-01-2016\" target=\"_blank\" rel=\"noopener\">&#8220;Brexit Bite&#8221; &#8211; Employment Law Implications<\/a>, K&amp;L Gates , 1.4.2016<\/td>\n<\/tr>\n<tr class=\"odd\">\n<td><a href=\"https:\/\/www.youtube.com\/watch?v=SHs55JsyMK4&amp;feature=youtu.be\" target=\"_blank\" rel=\"noopener\">Video: Presentation of research results on Brexit in Berlin<\/a>, d|part, 23.3.2016<\/td>\n<\/tr>\n<tr class=\"even\">\n<td><a href=\"\/wp-content\/uploads\/brexit\/pressemitteilung_dpart.pdf\" target=\"_blank\" rel=\"noopener\">Pressemitteilung: Viele Deutsche w\u00fcnschen sich eigenes EU Referendum<\/a>, d|part, 15.3.2016<\/td>\n<\/tr>\n<tr class=\"odd\">\n<td><a href=\"\/wp-content\/uploads\/brexit\/gro\u00dfbritannien-in-europa-deutsch.pdf\" target=\"_blank\" rel=\"noopener\">Bleibt bei uns!, J\u00fcrgen Gro\u00dfmann (deutsch)<\/a> \/ <a href=\"\/wp-content\/uploads\/brexit\/britain-in-europe-english.pdf\" target=\"_blank\" rel=\"noopener\">Stay With Us!, J\u00fcrgen Grossmann (englisch)<\/a><\/td>\n<\/tr>\n<tr class=\"even\">\n<td><a href=\"http:\/\/www.bertelsmann-stiftung.de\/de\/newsletterversand\/ged-monthly-brief\/ged-newsletter-of-february-2016\/?et_rp=1\" target=\"_blank\" rel=\"noopener\">Global Economic Dynamics &#8211; Newsletter<\/a>, Bertelsmann Stiftung, Februar 2016<\/td>\n<\/tr>\n<tr class=\"odd\">\n<td><a href=\"\/wp-content\/uploads\/brexit\/17_02_2016-brexit-argumentarium.pdf\" target=\"_blank\" rel=\"noopener\">Argumentarium BREXIT<\/a>, Deutsch-Britische Gesellschaft, 17.2.2016<\/td>\n<\/tr>\n<tr class=\"even\">\n<td><a href=\"\/wp-content\/uploads\/brexit\/eupinions2016_01.dt.pdf\" target=\"_blank\" rel=\"noopener\">Grenzsicherung und Reisefreiheit<\/a>, eupinions #2016\/1, Bertelsmann Stiftung<\/td>\n<\/tr>\n<\/tbody>\n<\/table>\n","protected":false},"excerpt":{"rendered":"<p>Here you can find a selection of interesting articles and reports dealing with the subject &#8220;Brexit&#8221;. 2016 Europa Bottom-Up (Nr. 16\/2016): Was machen\u2026 <a href=\"https:\/\/stage.debrige.de\/en\/brexit-2016\/\" class=\"arrow\">Weiterlesen<\/a><\/p>\n","protected":false},"author":1,"featured_media":0,"parent":0,"menu_order":0,"comment_status":"closed","ping_status":"closed","template":"","meta":{"inline_featured_image":false,"footnotes":""},"_links":{"self":[{"href":"https:\/\/stage.debrige.de\/en\/wp-json\/wp\/v2\/pages\/3777"}],"collection":[{"href":"https:\/\/stage.debrige.de\/en\/wp-json\/wp\/v2\/pages"}],"about":[{"href":"https:\/\/stage.debrige.de\/en\/wp-json\/wp\/v2\/types\/page"}],"author":[{"embeddable":true,"href":"https:\/\/stage.debrige.de\/en\/wp-json\/wp\/v2\/users\/1"}],"replies":[{"embeddable":true,"href":"https:\/\/stage.debrige.de\/en\/wp-json\/wp\/v2\/comments?post=3777"}],"version-history":[{"count":3,"href":"https:\/\/stage.debrige.de\/en\/wp-json\/wp\/v2\/pages\/3777\/revisions"}],"predecessor-version":[{"id":3780,"href":"https:\/\/stage.debrige.de\/en\/wp-json\/wp\/v2\/pages\/3777\/revisions\/3780"}],"wp:attachment":[{"href":"https:\/\/stage.debrige.de\/en\/wp-json\/wp\/v2\/media?parent=3777"}],"curies":[{"name":"wp","href":"https:\/\/api.w.org\/{rel}","templated":true}]}}